{"id":115,"date":"2018-03-07T15:11:17","date_gmt":"2018-03-07T14:11:17","guid":{"rendered":"http:\/\/sbmi.promisys-lab.be\/?page_id=115"},"modified":"2018-03-07T15:11:17","modified_gmt":"2018-03-07T14:11:17","slug":"home","status":"publish","type":"page","link":"https:\/\/www.sbmi.be\/en\/","title":{"rendered":"Home"},"content":{"rendered":"<p><strong>Des usines en activit\u00e9 aux b\u00e2timents publics et priv\u00e9s, des friches industrielles aux gratte-ciel, l\u2019assainissement s&#8217;inscrit comme une probl\u00e9matique majeure dans la gestion quotidienne des entreprises et des institutions<\/strong>.<\/p>\n<p>Fond\u00e9e en 1990, SBMI s\u2019est rapidement impos\u00e9e comme partenaire privil\u00e9gi\u00e9e jusqu&#8217;\u00e0 devenir une des plus grandes entreprises du secteur.<\/p>\n<p>Afin de r\u00e9pondre \u00e0 une demande croissante, SBMI s\u2019est d\u00e9velopp\u00e9e g\u00e9ographiquement en cr\u00e9ant plusieurs soci\u00e9t\u00e9s-s\u0153urs en France (Sotramiante) et au Grand Duch\u00e9 du Luxembourg (LMID).<\/p>\n<p>Gr\u00e2ce \u00e0 une structure adapt\u00e9e, \u00e0 un mat\u00e9riel performant ainsi qu\u2019\u00e0 des techniciens de tr\u00e8s haut niveau, SBMI offre une solution compl\u00e8te et fiable \u00e0 toute probl\u00e9matique d\u2019assainissement.<\/p>\n","protected":false},"excerpt":{"rendered":"<p>Des usines en activit\u00e9 aux b\u00e2timents publics et priv\u00e9s, des friches industrielles aux gratte-ciel, l\u2019assainissement s&#8217;inscrit comme une probl\u00e9matique majeure dans la gestion quotidienne des entreprises et des institutions. Fond\u00e9e en 1990, SBMI s\u2019est rapidement impos\u00e9e comme partenaire privil\u00e9gi\u00e9e jusqu&#8217;\u00e0 devenir une des plus grandes entreprises du secteur. Afin de r\u00e9pondre \u00e0 une demande croissante, &hellip; <a href=\"https:\/\/www.sbmi.be\/en\/\" class=\"more-link\">Continue reading<span class=\"screen-reader-text\"> &#8220;Home&#8221;<\/span><\/a><\/p>\n","protected":false},"author":1,"featured_media":0,"parent":0,"menu_order":6,"comment_status":"closed","ping_status":"closed","template":"template-parts\/homepage.php","meta":{"_acf_changed":false,"footnotes":""},"class_list":["post-115","page","type-page","status-publish","hentry"],"acf":[],"yoast_head":"<!-- This site is optimized with the Yoast SEO plugin v27.4 - https:\/\/yoast.com\/product\/yoast-seo-wordpress\/ -->\n<title>Home - SBMI<\/title>\n<meta name=\"robots\" content=\"index, follow, max-snippet:-1, max-image-preview:large, max-video-preview:-1\" \/>\n<link rel=\"canonical\" href=\"https:\/\/www.sbmi.be\/en\/\" \/>\n<meta property=\"og:locale\" content=\"en_US\" \/>\n<meta property=\"og:type\" content=\"article\" \/>\n<meta property=\"og:title\" content=\"Home - SBMI\" \/>\n<meta property=\"og:description\" content=\"Des usines en activit\u00e9 aux b\u00e2timents publics et priv\u00e9s, des friches industrielles aux gratte-ciel, l\u2019assainissement s&#8217;inscrit comme une probl\u00e9matique majeure dans la gestion quotidienne des entreprises et des institutions. Fond\u00e9e en 1990, SBMI s\u2019est rapidement impos\u00e9e comme partenaire privil\u00e9gi\u00e9e jusqu&#8217;\u00e0 devenir une des plus grandes entreprises du secteur. Afin de r\u00e9pondre \u00e0 une demande croissante, &hellip; Continue reading &quot;Home&quot;\" \/>\n<meta property=\"og:url\" content=\"https:\/\/www.sbmi.be\/en\/\" \/>\n<meta property=\"og:site_name\" content=\"SBMI\" \/>\n<meta name=\"twitter:card\" content=\"summary_large_image\" \/>\n<meta name=\"twitter:label1\" content=\"Est. reading time\" \/>\n\t<meta name=\"twitter:data1\" content=\"1 minute\" \/>\n<script type=\"application\/ld+json\" class=\"yoast-schema-graph\">{\"@context\":\"https:\\\/\\\/schema.org\",\"@graph\":[{\"@type\":\"WebPage\",\"@id\":\"https:\\\/\\\/www.sbmi.be\\\/en\\\/\",\"url\":\"https:\\\/\\\/www.sbmi.be\\\/en\\\/\",\"name\":\"Home - SBMI\",\"isPartOf\":{\"@id\":\"https:\\\/\\\/www.sbmi.be\\\/#website\"},\"datePublished\":\"2018-03-07T14:11:17+00:00\",\"breadcrumb\":{\"@id\":\"https:\\\/\\\/www.sbmi.be\\\/en\\\/#breadcrumb\"},\"inLanguage\":\"en-US\",\"potentialAction\":[{\"@type\":\"ReadAction\",\"target\":[\"https:\\\/\\\/www.sbmi.be\\\/en\\\/\"]}]},{\"@type\":\"BreadcrumbList\",\"@id\":\"https:\\\/\\\/www.sbmi.be\\\/en\\\/#breadcrumb\",\"itemListElement\":[{\"@type\":\"ListItem\",\"position\":1,\"name\":\"Accueil\",\"item\":\"https:\\\/\\\/www.sbmi.be\\\/en\\\/\"},{\"@type\":\"ListItem\",\"position\":2,\"name\":\"Home\"}]},{\"@type\":\"WebSite\",\"@id\":\"https:\\\/\\\/www.sbmi.be\\\/#website\",\"url\":\"https:\\\/\\\/www.sbmi.be\\\/\",\"name\":\"SBMI\",\"description\":\"D\u00e9samiantage \u2022 Construction \u2022 Formation\",\"potentialAction\":[{\"@type\":\"SearchAction\",\"target\":{\"@type\":\"EntryPoint\",\"urlTemplate\":\"https:\\\/\\\/www.sbmi.be\\\/?s={search_term_string}\"},\"query-input\":{\"@type\":\"PropertyValueSpecification\",\"valueRequired\":true,\"valueName\":\"search_term_string\"}}],\"inLanguage\":\"en-US\"}]}<\/script>\n<!-- \/ Yoast SEO plugin. -->","yoast_head_json":{"title":"Home - SBMI","robots":{"index":"index","follow":"follow","max-snippet":"max-snippet:-1","max-image-preview":"max-image-preview:large","max-video-preview":"max-video-preview:-1"},"canonical":"https:\/\/www.sbmi.be\/en\/","og_locale":"en_US","og_type":"article","og_title":"Home - SBMI","og_description":"Des usines en activit\u00e9 aux b\u00e2timents publics et priv\u00e9s, des friches industrielles aux gratte-ciel, l\u2019assainissement s&#8217;inscrit comme une probl\u00e9matique majeure dans la gestion quotidienne des entreprises et des institutions. Fond\u00e9e en 1990, SBMI s\u2019est rapidement impos\u00e9e comme partenaire privil\u00e9gi\u00e9e jusqu&#8217;\u00e0 devenir une des plus grandes entreprises du secteur. Afin de r\u00e9pondre \u00e0 une demande croissante, &hellip; Continue reading \"Home\"","og_url":"https:\/\/www.sbmi.be\/en\/","og_site_name":"SBMI","twitter_card":"summary_large_image","twitter_misc":{"Est. reading time":"1 minute"},"schema":{"@context":"https:\/\/schema.org","@graph":[{"@type":"WebPage","@id":"https:\/\/www.sbmi.be\/en\/","url":"https:\/\/www.sbmi.be\/en\/","name":"Home - SBMI","isPartOf":{"@id":"https:\/\/www.sbmi.be\/#website"},"datePublished":"2018-03-07T14:11:17+00:00","breadcrumb":{"@id":"https:\/\/www.sbmi.be\/en\/#breadcrumb"},"inLanguage":"en-US","potentialAction":[{"@type":"ReadAction","target":["https:\/\/www.sbmi.be\/en\/"]}]},{"@type":"BreadcrumbList","@id":"https:\/\/www.sbmi.be\/en\/#breadcrumb","itemListElement":[{"@type":"ListItem","position":1,"name":"Accueil","item":"https:\/\/www.sbmi.be\/en\/"},{"@type":"ListItem","position":2,"name":"Home"}]},{"@type":"WebSite","@id":"https:\/\/www.sbmi.be\/#website","url":"https:\/\/www.sbmi.be\/","name":"SBMI","description":"D\u00e9samiantage \u2022 Construction \u2022 Formation","potentialAction":[{"@type":"SearchAction","target":{"@type":"EntryPoint","urlTemplate":"https:\/\/www.sbmi.be\/?s={search_term_string}"},"query-input":{"@type":"PropertyValueSpecification","valueRequired":true,"valueName":"search_term_string"}}],"inLanguage":"en-US"}]}},"_links":{"self":[{"href":"https:\/\/www.sbmi.be\/en\/wp-json\/wp\/v2\/pages\/115\/"}],"collection":[{"href":"https:\/\/www.sbmi.be\/en\/wp-json\/wp\/v2\/pages\/"}],"about":[{"href":"https:\/\/www.sbmi.be\/en\/wp-json\/wp\/v2\/types\/page\/"}],"author":[{"embeddable":true,"href":"https:\/\/www.sbmi.be\/en\/wp-json\/wp\/v2\/users\/1\/"}],"replies":[{"embeddable":true,"href":"https:\/\/www.sbmi.be\/en\/wp-json\/wp\/v2\/comments\/?post=115"}],"version-history":[{"count":1,"href":"https:\/\/www.sbmi.be\/en\/wp-json\/wp\/v2\/pages\/115\/revisions\/"}],"predecessor-version":[{"id":116,"href":"https:\/\/www.sbmi.be\/en\/wp-json\/wp\/v2\/pages\/115\/revisions\/116\/"}],"wp:attachment":[{"href":"https:\/\/www.sbmi.be\/en\/wp-json\/wp\/v2\/media\/?parent=115"}],"curies":[{"name":"wp","href":"https:\/\/api.w.org\/{rel}","templated":true}]}}